{"id":16,"date":"2012-01-25T13:01:59","date_gmt":"2012-01-25T13:01:59","guid":{"rendered":"https:\/\/daisabaterias.es\/?page_id=16"},"modified":"2025-04-22T11:07:26","modified_gmt":"2025-04-22T10:07:26","slug":"la-empresa","status":"publish","type":"page","link":"https:\/\/daisabaterias.es\/index.php\/la-empresa\/","title":{"rendered":"La Empresa"},"content":{"rendered":"<p><strong>Distribuidora Acumuladores Importados, S.A., DAISA<\/strong>, pone a su disposici\u00f3n la mayor oferta de bater\u00edas y acumuladores, cargadores y comprobadores de bater\u00edas, as\u00ed como autoradios, alarmas y equipos audiovisuales. Comenzamos nuestra actividad en 1984. Desde entonces, DAISA se ha especializado en la distribuci\u00f3n de bater\u00edas, lo que nos ha permitido convertirnos en la primera red comercial europea independiente. Gracias a que la empresa fue fundada por profesionales del sector con una amplia experiencia y profundo conocimiento de los productos y necesidades de los clientes, actualmente somos un referente en lo que a calidad y servicio se refiere. Somos especialistas en energ\u00eda, cons\u00faltenos sobre sus necesidades, y le ofreceremos la mejor soluci\u00f3n: desde bater\u00edas para su autom\u00f3vil, moto o cami\u00f3n, bater\u00eda de tracci\u00f3n para la carretilla el\u00e9ctrica de su almac\u00e9n, para su fregadora el\u00e9ctrica, la alarma \u00f3 SAI de su oficina, hasta las bater\u00edas para su carrito de golf, embarcaci\u00f3n n\u00e1utica o para la instalaci\u00f3n solar de su finca. Adem\u00e1s, estamos asociados a AECOC, hecho que nos permite mejorar continuamente la recepci\u00f3n de pedidos, la identificaci\u00f3n del producto y la trazabilidad de los env\u00edos, entre otras acciones. Gracias a ello, es posible la recepci\u00f3n y env\u00edo de facturas electr\u00f3nicas v\u00eda EDI, si as\u00ed lo desea el cliente. Si necesitan una bater\u00eda para su vehiculo, como si quieren que les asesoremos acerca de los mejores productos y t\u00e9cnicas de utilizaci\u00f3n, no lo duden, DAISA es el lugar id\u00f3neo para ello. Profesionales especializados y productos de calidad se unen para ofrecerles el mejor servicio posible.<\/p>\n<h2 class=\"principal\">Actividad<\/h2>\n<p>En DAISA la amplia gama de productos relacionados con la energ\u00eda y el extenso bagaje que poseen las personas que forman parte de la empresa son dos de los avales que mejor nos definen y diferencian del resto. El prinicpal objetivo que perseguimos desde que comenzamos nuestra actividad hace m\u00e1s de 25 a\u00f1os es superar con nota alta las expectativas que tienen nuestros clientes acerca de nosotros, ofreci\u00e9ndoles los productos y servicios que m\u00e1s y mejor se ajustan a sus necesidades. Para la correcta consecuci\u00f3n de estos objetivos contamos con:<\/p>\n<ul>\n<li>Productos Fiables: de elevada calidad y tecnolog\u00eda puntera<\/li>\n<li>Suministro Puntual<\/li>\n<li>\u00c9quipo t\u00e9cnico con amplia experiencia y dispuesto a ofrecerle la mejor soluci\u00f3n<\/li>\n<\/ul>\n<p><a href=\"https:\/\/youtu.be\/w8ojh9QXHR8\">V\u00cdDEO CORPORATIVO<\/a><\/p>\n<p><strong>Distribuidora Acumuladores Importados, S.A., DAISA<\/strong>, pone a su disposici\u00f3n la mayor oferta de bater\u00edas y acumuladores, cargadores y comprobadores de bater\u00edas, as\u00ed como autoradios, alarmas y equipos audiovisuales. Comenzamos nuestra actividad en 1984. Desde entonces, DAISA se ha especializado en la distribuci\u00f3n de bater\u00edas, lo que nos ha permitido convertirnos en la primera red comercial europea independiente. Gracias a que la empresa fue fundada por profesionales del sector con una amplia experiencia y profundo conocimiento de los productos y necesidades de los clientes, actualmente somos un referente en lo que a calidad y servicio se refiere. Somos especialistas en energ\u00eda, cons\u00faltenos sobre sus necesidades, y le ofreceremos la mejor soluci\u00f3n: desde bater\u00edas para su autom\u00f3vil, moto o cami\u00f3n, bater\u00eda de tracci\u00f3n para la carretilla el\u00e9ctrica de su almac\u00e9n, para su fregadora el\u00e9ctrica, la alarma \u00f3 SAI de su oficina, hasta las bater\u00edas para su carrito de golf, embarcaci\u00f3n n\u00e1utica o para la instalaci\u00f3n solar de su finca. Adem\u00e1s, estamos asociados a AECOC, hecho que nos permite mejorar continuamente la recepci\u00f3n de pedidos, la identificaci\u00f3n del producto y la trazabilidad de los env\u00edos, entre otras acciones. Gracias a ello, es posible la recepci\u00f3n y env\u00edo de facturas electr\u00f3nicas v\u00eda EDI, si as\u00ed lo desea el cliente. Si necesitan una bater\u00eda para su vehiculo, como si quieren que les asesoremos acerca de los mejores productos y t\u00e9cnicas de utilizaci\u00f3n, no lo duden, DAISA es el lugar id\u00f3neo para ello. Profesionales especializados y productos de calidad se unen para ofrecerles el mejor servicio posible.<\/p>\n<h2 class=\"principal\">Actividad<\/h2>\n<p>En DAISA la amplia gama de productos relacionados con la energ\u00eda y el extenso bagaje que poseen las personas que forman parte de la empresa son dos de los avales que mejor nos definen y diferencian del resto. El prinicpal objetivo que perseguimos desde que comenzamos nuestra actividad hace m\u00e1s de 25 a\u00f1os es superar con nota alta las expectativas que tienen nuestros clientes acerca de nosotros, ofreci\u00e9ndoles los productos y servicios que m\u00e1s y mejor se ajustan a sus necesidades. Para la correcta consecuci\u00f3n de estos objetivos contamos con:<\/p>\n<ul>\n<li>Productos Fiables: de elevada calidad y tecnolog\u00eda puntera<\/li>\n<li>Suministro Puntual<\/li>\n<li>\u00c9quipo t\u00e9cnico con amplia experiencia y dispuesto a ofrecerle la mejor soluci\u00f3n<\/li>\n<\/ul>\n<p><a href=\"https:\/\/daisabaterias.es\/wp-content\/uploads\/2012\/01\/PRESENTACION-DAISA.pdf\">Dossier Comercial<\/a><\/p>\n","protected":false},"excerpt":{"rendered":"<p>Distribuidora Acumuladores Importados, S.A., DAISA, pone a su disposici\u00f3n la mayor oferta de bater\u00edas y acumuladores, cargadores y comprobadores de bater\u00edas, as\u00ed como autoradios, alarmas y equipos audiovisuales. Comenzamos nuestra actividad en 1984. Desde entonces, DAISA se ha especializado en la distribuci\u00f3n de bater\u00edas, lo que nos ha permitido convertirnos en la primera red comercial [&hellip;]<\/p>\n","protected":false},"author":2,"featured_media":0,"parent":0,"menu_order":0,"comment_status":"open","ping_status":"open","template":"empresa.php","meta":{"_acf_changed":false,"footnotes":""},"class_list":["post-16","page","type-page","status-publish","hentry"],"acf":[],"_links":{"self":[{"href":"https:\/\/daisabaterias.es\/index.php\/wp-json\/wp\/v2\/pages\/16","targetHints":{"allow":["GET"]}}],"collection":[{"href":"https:\/\/daisabaterias.es\/index.php\/wp-json\/wp\/v2\/pages"}],"about":[{"href":"https:\/\/daisabaterias.es\/index.php\/wp-json\/wp\/v2\/types\/page"}],"author":[{"embeddable":true,"href":"https:\/\/daisabaterias.es\/index.php\/wp-json\/wp\/v2\/users\/2"}],"replies":[{"embeddable":true,"href":"https:\/\/daisabaterias.es\/index.php\/wp-json\/wp\/v2\/comments?post=16"}],"version-history":[{"count":31,"href":"https:\/\/daisabaterias.es\/index.php\/wp-json\/wp\/v2\/pages\/16\/revisions"}],"predecessor-version":[{"id":6098,"href":"https:\/\/daisabaterias.es\/index.php\/wp-json\/wp\/v2\/pages\/16\/revisions\/6098"}],"wp:attachment":[{"href":"https:\/\/daisabaterias.es\/index.php\/wp-json\/wp\/v2\/media?parent=16"}],"curies":[{"name":"wp","href":"https:\/\/api.w.org\/{rel}","templated":true}]}}