{"id":390,"date":"2012-04-23T11:11:53","date_gmt":"2012-04-23T11:11:53","guid":{"rendered":"https:\/\/daisabaterias.es\/?page_id=390"},"modified":"2018-05-28T11:39:01","modified_gmt":"2018-05-28T10:39:01","slug":"medioambiente","status":"publish","type":"page","link":"https:\/\/daisabaterias.es\/index.php\/medioambiente\/","title":{"rendered":"RECICLAJE DE LAS BATERIAS, PROTECCION DEL MEDIO AMBIENTE."},"content":{"rendered":"<p>El reciclaje es sumamente importante para la sostenibilidad del medioambiente.<\/p>\n<p>DAISA colabora en la protecci\u00f3n del medioambiente promoviendo la recogida de las bater\u00edas usadas para su total reciclaje.<\/p>\n<p style=\"text-align: center;\"><a href=\"https:\/\/daisabaterias.es\/wp-content\/uploads\/2012\/05\/esquema-reciclar-trojan-21.jpg\"><img loading=\"lazy\" decoding=\"async\" class=\"size-full wp-image-398 aligncenter\" title=\"Esquema Reciclaje Bater\u00edas\" alt=\"Esquema Reciclaje Bater\u00edas\" src=\"https:\/\/daisabaterias.es\/wp-content\/uploads\/2012\/04\/esquema-reciclar-trojan-21.jpg\" width=\"450\" height=\"450\" srcset=\"https:\/\/daisabaterias.es\/wp-content\/uploads\/2012\/04\/esquema-reciclar-trojan-21.jpg 450w, https:\/\/daisabaterias.es\/wp-content\/uploads\/2012\/04\/esquema-reciclar-trojan-21-150x150.jpg 150w, https:\/\/daisabaterias.es\/wp-content\/uploads\/2012\/04\/esquema-reciclar-trojan-21-300x300.jpg 300w, https:\/\/daisabaterias.es\/wp-content\/uploads\/2012\/04\/esquema-reciclar-trojan-21-50x50.jpg 50w, https:\/\/daisabaterias.es\/wp-content\/uploads\/2012\/04\/esquema-reciclar-trojan-21-132x132.jpg 132w, https:\/\/daisabaterias.es\/wp-content\/uploads\/2012\/04\/esquema-reciclar-trojan-21-79x79.jpg 79w, https:\/\/daisabaterias.es\/wp-content\/uploads\/2012\/04\/esquema-reciclar-trojan-21-122x122.jpg 122w, https:\/\/daisabaterias.es\/wp-content\/uploads\/2012\/04\/esquema-reciclar-trojan-21-126x126.jpg 126w, https:\/\/daisabaterias.es\/wp-content\/uploads\/2012\/04\/esquema-reciclar-trojan-21-100x100.jpg 100w\" sizes=\"auto, (max-width: 450px) 100vw, 450px\" \/><\/a><\/p>\n<p>Le ofrecemos la posibilidad de colaborar con el medioambiente recogiendo todas las bater\u00edas usadas, no importa ni la tecnolog\u00eda ni la marca que sean. El proceso es muy sencillo, s\u00f3lo tiene que enviarnos un fax o e-mail y pasaremos por su centro a retirar las bater\u00edas usadas, no importa la cantidad que sea.<\/p>\n<p>Para m\u00e1s informaci\u00f3n contacte con nosotros en <a href=\"mailto:recicla@daisa.es\">recicla@daisa.es<\/a><\/p>\n<p>DAISA trabaja tambi\u00e9n dentro de El Acuerdo Voluntario para la gesti\u00f3n de bater\u00edas plomo-\u00e1cido que naci\u00f3 por acuerdo de la pr\u00e1ctica totalidad de los agentes involucrados en la cadena de tratamiento de bater\u00edas para dar cumplimiento a lo establecido en el Real Decreto 106\/2008 de 1 de febrero sobre pilas y acumuladores y la gesti\u00f3n medioambiental de sus residuos y su posterior modificaci\u00f3n mediante el Real Decreto 943\/2010.<\/p>\n<p>M\u00e1s informaci\u00f3n: <a href=\"http:\/\/www.reciclatubateria.com\">www.reciclatubateria.com<\/a><\/p>\n<p>Puede consultar aqu\u00ed nuestra <a href=\"https:\/\/daisabaterias.es\/wp-content\/uploads\/2012\/04\/Pol\u00edtica-de-Calidad-y-Medio-Ambiente.pdf\">Pol\u00edtica de Calidad y Medio Ambiente<\/a><\/p>\n<p><img loading=\"lazy\" decoding=\"async\" class=\"aligncenter size-full wp-image-401\" title=\"eco_bateria\" alt=\"Recicla tu bater\u00eda\" src=\"https:\/\/daisabaterias.es\/wp-content\/uploads\/2012\/04\/eco_bateria.jpg\" width=\"174\" height=\"172\" srcset=\"https:\/\/daisabaterias.es\/wp-content\/uploads\/2012\/04\/eco_bateria.jpg 174w, https:\/\/daisabaterias.es\/wp-content\/uploads\/2012\/04\/eco_bateria-50x50.jpg 50w, https:\/\/daisabaterias.es\/wp-content\/uploads\/2012\/04\/eco_bateria-133x132.jpg 133w, https:\/\/daisabaterias.es\/wp-content\/uploads\/2012\/04\/eco_bateria-79x79.jpg 79w, https:\/\/daisabaterias.es\/wp-content\/uploads\/2012\/04\/eco_bateria-123x122.jpg 123w, https:\/\/daisabaterias.es\/wp-content\/uploads\/2012\/04\/eco_bateria-127x126.jpg 127w, https:\/\/daisabaterias.es\/wp-content\/uploads\/2012\/04\/eco_bateria-100x98.jpg 100w\" sizes=\"auto, (max-width: 174px) 100vw, 174px\" \/><\/p>\n","protected":false},"excerpt":{"rendered":"<p>El reciclaje es sumamente importante para la sostenibilidad del medioambiente. DAISA colabora en la protecci\u00f3n del medioambiente promoviendo la recogida de las bater\u00edas usadas para su total reciclaje. Le ofrecemos la posibilidad de colaborar con el medioambiente recogiendo todas las bater\u00edas usadas, no importa ni la tecnolog\u00eda ni la marca que sean. El proceso es [&hellip;]<\/p>\n","protected":false},"author":2,"featured_media":0,"parent":0,"menu_order":0,"comment_status":"open","ping_status":"open","template":"medioambiente.php","meta":{"_acf_changed":false,"footnotes":""},"class_list":["post-390","page","type-page","status-publish","hentry"],"acf":[],"_links":{"self":[{"href":"https:\/\/daisabaterias.es\/index.php\/wp-json\/wp\/v2\/pages\/390","targetHints":{"allow":["GET"]}}],"collection":[{"href":"https:\/\/daisabaterias.es\/index.php\/wp-json\/wp\/v2\/pages"}],"about":[{"href":"https:\/\/daisabaterias.es\/index.php\/wp-json\/wp\/v2\/types\/page"}],"author":[{"embeddable":true,"href":"https:\/\/daisabaterias.es\/index.php\/wp-json\/wp\/v2\/users\/2"}],"replies":[{"embeddable":true,"href":"https:\/\/daisabaterias.es\/index.php\/wp-json\/wp\/v2\/comments?post=390"}],"version-history":[{"count":21,"href":"https:\/\/daisabaterias.es\/index.php\/wp-json\/wp\/v2\/pages\/390\/revisions"}],"predecessor-version":[{"id":5040,"href":"https:\/\/daisabaterias.es\/index.php\/wp-json\/wp\/v2\/pages\/390\/revisions\/5040"}],"wp:attachment":[{"href":"https:\/\/daisabaterias.es\/index.php\/wp-json\/wp\/v2\/media?parent=390"}],"curies":[{"name":"wp","href":"https:\/\/api.w.org\/{rel}","templated":true}]}}